{"id":11731,"date":"2019-09-01T22:36:10","date_gmt":"2019-09-02T01:36:10","guid":{"rendered":"http:\/\/totemnow.com.br\/site\/site\/site\/?page_id=11731"},"modified":"2025-12-04T11:23:00","modified_gmt":"2025-12-04T14:23:00","slug":"manutencao-equipamentos-totem","status":"publish","type":"page","link":"https:\/\/totemonline.com.br\/site\/manutencao-equipamentos-totem\/","title":{"rendered":"Manuten\u00e7\u00e3o ( reparos )"},"content":{"rendered":"\n<style type=\"text\/css\" data-created_by=\"avia_inline_auto\" id=\"style-css-av-jw9vpzp7-0ecbc26eda07ae7d36bd7ae094fb4910\">\n.avia-section.av-jw9vpzp7-0ecbc26eda07ae7d36bd7ae094fb4910{\nbackground-color:#edae44;\nbackground-image:unset;\n}\n<\/style>\n<div id='av_section_1'  class='avia-section av-jw9vpzp7-0ecbc26eda07ae7d36bd7ae094fb4910 main_color avia-section-small avia-no-border-styling  avia-builder-el-0  el_before_av_section  avia-builder-el-first  avia-bg-style-scroll container_wrap sidebar_right'  ><div class='container av-section-cont-open' ><main  role=\"main\" itemprop=\"mainContentOfPage\"  class='template-page content  av-content-small alpha units'><div class='post-entry post-entry-type-page post-entry-11731'><div class='entry-content-wrapper clearfix'>\n\n<style type=\"text\/css\" data-created_by=\"avia_inline_auto\" id=\"style-css-av-jw9vppn9-482e94864b2217f15e9f9a62178298dd\">\n#top .av_textblock_section.av-jw9vppn9-482e94864b2217f15e9f9a62178298dd .avia_textblock{\nfont-size:15px;\n}\n<\/style>\n<section  class='av_textblock_section av-jw9vppn9-482e94864b2217f15e9f9a62178298dd '   itemscope=\"itemscope\" itemtype=\"https:\/\/schema.org\/CreativeWork\" ><div class='avia_textblock'  itemprop=\"text\" ><h2>Manutenc\u00e3o Equipamentos Totem<\/h2>\n<\/div><\/section>\n\n<\/div><\/div><\/main><!-- close content main element --><\/div><\/div><div id='av_section_2'  class='avia-section av-1y7mlw-b57657a64573ddb820810db8227cccb6 main_color avia-section-default avia-no-border-styling  avia-builder-el-2  el_after_av_section  avia-builder-el-last  avia-bg-style-scroll container_wrap sidebar_right'  ><div class='container av-section-cont-open' ><div class='template-page content  av-content-small alpha units'><div class='post-entry post-entry-type-page post-entry-11731'><div class='entry-content-wrapper clearfix'>\n<section  class='av_textblock_section av-jw9vsxhk-b50b7d1bfe2dcf33d7b5a6e94b3b8b77 '   itemscope=\"itemscope\" itemtype=\"https:\/\/schema.org\/CreativeWork\" ><div class='avia_textblock'  itemprop=\"text\" ><h4>Confira equipamentos que n\u00e3o disp\u00f5e de manuten\u00e7\u00e3o :<br \/>\n.<br \/>\n<a href=\"https:\/\/www.totemonline.com.br\/download\/Produto_ForadeLinha\/ProdutosForaDeLinha_Totem_Web.pdf\" class=\"mtli_attachment mtli_pdf\">Lista ( clique aqui )<\/a><\/h4>\n<\/div><\/section>\n<\/div><\/div><\/div><!-- close content main div --><\/div><\/div><div id='after_section_2'  class='main_color av_default_container_wrap container_wrap sidebar_right'  ><div class='container av-section-cont-open' ><div class='template-page content  av-content-small alpha units'><div class='post-entry post-entry-type-page post-entry-11731'><div class='entry-content-wrapper clearfix'>\n","protected":false},"excerpt":{"rendered":"","protected":false},"author":11,"featured_media":0,"parent":0,"menu_order":0,"comment_status":"closed","ping_status":"closed","template":"","meta":{"footnotes":""},"_links":{"self":[{"href":"https:\/\/totemonline.com.br\/site\/wp-json\/wp\/v2\/pages\/11731"}],"collection":[{"href":"https:\/\/totemonline.com.br\/site\/wp-json\/wp\/v2\/pages"}],"about":[{"href":"https:\/\/totemonline.com.br\/site\/wp-json\/wp\/v2\/types\/page"}],"author":[{"embeddable":true,"href":"https:\/\/totemonline.com.br\/site\/wp-json\/wp\/v2\/users\/11"}],"replies":[{"embeddable":true,"href":"https:\/\/totemonline.com.br\/site\/wp-json\/wp\/v2\/comments?post=11731"}],"version-history":[{"count":2,"href":"https:\/\/totemonline.com.br\/site\/wp-json\/wp\/v2\/pages\/11731\/revisions"}],"predecessor-version":[{"id":48609,"href":"https:\/\/totemonline.com.br\/site\/wp-json\/wp\/v2\/pages\/11731\/revisions\/48609"}],"wp:attachment":[{"href":"https:\/\/totemonline.com.br\/site\/wp-json\/wp\/v2\/media?parent=11731"}],"curies":[{"name":"wp","href":"https:\/\/api.w.org\/{rel}","templated":true}]}}