{"id":23505,"date":"2024-03-15T07:08:34","date_gmt":"2024-03-15T10:08:34","guid":{"rendered":"https:\/\/totemonline.com.br\/site\/?page_id=23505"},"modified":"2024-03-15T09:04:57","modified_gmt":"2024-03-15T12:04:57","slug":"app-totem-view-politica-de-privacidade","status":"publish","type":"page","link":"https:\/\/totemonline.com.br\/site\/app-totem-view-politica-de-privacidade\/","title":{"rendered":"APP TOTEM VIEW POLITICA DE PRIVACIDADE"},"content":{"rendered":"<div  class='flex_column av-l96ssx-1ec90d51bef41885830bad205bb0927f av_one_full  avia-builder-el-0  avia-builder-el-no-sibling  first flex_column_div  '     ><section  class='av_textblock_section av-ltshxk24-43e46affbc08d2afad43d21c1efaa952 '   itemscope=\"itemscope\" itemtype=\"https:\/\/schema.org\/CreativeWork\" ><div class='avia_textblock'  itemprop=\"text\" ><h1>Pol\u00edtica de Privacidade para App Totem View<\/h1>\n<p><strong>\u00daltima atualiza\u00e7\u00e3o: 15 de mar\u00e7o de 2024<\/strong><\/p>\n<p>A <strong>Totem Equipamentos Eletr\u00f4nicos LTDA<\/strong>, respons\u00e1vel pelo aplicativo Totem View, compromete-se profundamente com a prote\u00e7\u00e3o da sua privacidade. Este documento detalha nossas pr\u00e1ticas de coleta, uso e prote\u00e7\u00e3o de suas informa\u00e7\u00f5es ao utilizar o Totem View, bem como esclarece os direitos que voc\u00ea possui em rela\u00e7\u00e3o \u00e0 sua privacidade.<\/p>\n<p>Ao escolher utilizar o Totem View, voc\u00ea est\u00e1 aceitando nossos procedimentos de coleta e uso das informa\u00e7\u00f5es conforme estabelecido nesta pol\u00edtica.<\/p>\n<h2>Coleta e Uso de Informa\u00e7\u00f5es<\/h2>\n<p>Este aplicativo \u00e9 um visualizador de resultado de competi\u00e7\u00f5es esportivas onde a Totem atua na gera\u00e7\u00e3o de resultados e tamb\u00e9m um visualizador do rastreamento de competidores.<\/p>\n<p>Este aplicativo n\u00e3o coleta informa\u00e7\u00f5es do usu\u00e1rio.<\/p>\n<h3>App Totem View VISUALIZADOR<\/h3>\n<p>O App Totem View \u00e9 usado como um simples visualizador do resultado da competi\u00e7\u00e3o e tamb\u00e9m como visualizador do rastreamento dos participantes.<\/p>\n<h2>Servi\u00e7os de Terceiros<\/h2>\n<p>O Totem View utiliza servi\u00e7os de terceiros que podem coletar informa\u00e7\u00f5es capazes de identificar voc\u00ea:<\/p>\n<ul>\n<li><strong>Google Play Services<\/strong> (<a href=\"https:\/\/www.google.com\/policies\/privacy\/\" target=\"_new\" rel=\"noopener\">Pol\u00edtica de Privacidade<\/a>)<\/li>\n<li><strong>Google Analytics for Firebase<\/strong> (<a href=\"https:\/\/firebase.google.com\/policies\/analytics\" target=\"_new\" rel=\"noopener\">Pol\u00edtica de Privacidade<\/a>)<\/li>\n<li><strong>Firebase Crashlytics<\/strong> (<a href=\"https:\/\/firebase.google.com\/support\/privacy\/\" target=\"_new\" rel=\"noopener\">Pol\u00edtica de Privacidade<\/a>)<\/li>\n<\/ul>\n<p>Estes servi\u00e7os s\u00e3o essenciais para a funcionalidade do nosso aplicativo, incluindo an\u00e1lise de desempenho e relat\u00f3rios de erros, visando a melhoria cont\u00ednua do Totem View.<\/p>\n<h2>Privacidade Infantil<\/h2>\n<p>Destinado a usu\u00e1rios acima de 13 anos, o Totem View n\u00e3o coleta propositalmente dados de menores de 13. Se tomarmos conhecimento de que dados de menores foram coletados sem consentimento parental apropriado, tais informa\u00e7\u00f5es ser\u00e3o prontamente eliminadas de nossos servidores.<\/p>\n<h2>Mudan\u00e7as nesta Pol\u00edtica de Privacidade<\/h2>\n<p>Nos reservamos o direito de atualizar nossa Pol\u00edtica de Privacidade periodicamente. Qualquer altera\u00e7\u00e3o ser\u00e1 comunicada com a publica\u00e7\u00e3o da nova vers\u00e3o nesta p\u00e1gina. Incentivamos a revis\u00e3o peri\u00f3dica desta pol\u00edtica para se manter informado sobre quaisquer atualiza\u00e7\u00f5es.<\/p>\n<h2>Contate-Nos<\/h2>\n<p>Para quaisquer quest\u00f5es ou sugest\u00f5es sobre nossa Pol\u00edtica de Privacidade, por favor, entre em contato atrav\u00e9s do e-mail <a target=\"_new\" rel=\"noopener\">contatos@totemonline.com.br<\/a>.<\/p>\n<\/div><\/section><\/div>\n","protected":false},"excerpt":{"rendered":"","protected":false},"author":11,"featured_media":0,"parent":0,"menu_order":0,"comment_status":"closed","ping_status":"closed","template":"","meta":{"footnotes":""},"_links":{"self":[{"href":"https:\/\/totemonline.com.br\/site\/wp-json\/wp\/v2\/pages\/23505"}],"collection":[{"href":"https:\/\/totemonline.com.br\/site\/wp-json\/wp\/v2\/pages"}],"about":[{"href":"https:\/\/totemonline.com.br\/site\/wp-json\/wp\/v2\/types\/page"}],"author":[{"embeddable":true,"href":"https:\/\/totemonline.com.br\/site\/wp-json\/wp\/v2\/users\/11"}],"replies":[{"embeddable":true,"href":"https:\/\/totemonline.com.br\/site\/wp-json\/wp\/v2\/comments?post=23505"}],"version-history":[{"count":3,"href":"https:\/\/totemonline.com.br\/site\/wp-json\/wp\/v2\/pages\/23505\/revisions"}],"predecessor-version":[{"id":23508,"href":"https:\/\/totemonline.com.br\/site\/wp-json\/wp\/v2\/pages\/23505\/revisions\/23508"}],"wp:attachment":[{"href":"https:\/\/totemonline.com.br\/site\/wp-json\/wp\/v2\/media?parent=23505"}],"curies":[{"name":"wp","href":"https:\/\/api.w.org\/{rel}","templated":true}]}}