{"id":44,"date":"2018-09-29T03:44:43","date_gmt":"2018-09-29T06:44:43","guid":{"rendered":"http:\/\/wpcriativo.com.br\/clientes\/2018\/totem\/?page_id=44"},"modified":"2021-02-08T14:09:01","modified_gmt":"2021-02-08T17:09:01","slug":"contato","status":"publish","type":"page","link":"https:\/\/totemonline.com.br\/site\/contato\/","title":{"rendered":"Contato"},"content":{"rendered":"\n<style type=\"text\/css\" data-created_by=\"avia_inline_auto\" id=\"style-css-av-3w73o-00f9d13990b75b0e7ce1997a5bd5fb02\">\n.flex_column.av-3w73o-00f9d13990b75b0e7ce1997a5bd5fb02{\nborder-radius:0px 0px 0px 0px;\npadding:0px 0px 0px 0px;\n}\n<\/style>\n<div  class='flex_column av-3w73o-00f9d13990b75b0e7ce1997a5bd5fb02 av_two_third  avia-builder-el-0  el_before_av_one_third  avia-builder-el-first  first flex_column_div av-zero-column-padding  '     ><section  class='av_textblock_section av-k01r741m-d25c9ed3e697491329ca0166c0bda148 '   itemscope=\"itemscope\" itemtype=\"https:\/\/schema.org\/CreativeWork\" ><div class='avia_textblock'  itemprop=\"text\" ><h2>Contato<\/h2>\n<h4>.<br \/>\nNosso hor\u00e1rio de atendimento \u00e9 das 9 hrs as 16 hrs atrav\u00e9s do whats App ( de segunda \u00e0 sexta feira ).<br \/>\n.<br \/>\nO atendimento\u00a0 por voz ( telefone fixo ) est\u00e1 dispon\u00edvel das 9 hrs \u00e0s 11 hrs.<\/h4>\n<\/div><\/section><br \/>\n<section  class='av_textblock_section av-k01r741m-d25c9ed3e697491329ca0166c0bda148 '   itemscope=\"itemscope\" itemtype=\"https:\/\/schema.org\/CreativeWork\" ><div class='avia_textblock'  itemprop=\"text\" ><h4>.<br \/>\n<span style=\"color: #993366;\">:: (compra)<\/span><br \/>\nAcesse nossos pontos de venda em <span style=\"color: #0000ff;\"><a style=\"color: #0000ff;\" href=\"http:\/\/www.totemonline.com.br\/ptosvnd.html\">www.totemonline.com.br\/ptosvnd.html<\/a><\/span><br \/>\n.<br \/>\n<span style=\"color: #993366;\">:: (manuten\u00e7\u00e3o)<\/span><br \/>\nPara saber mais acesse <span style=\"color: #0000ff;\"><a style=\"color: #0000ff;\" href=\"http:\/\/www.totemonline.com.br\/manu.html\">www.totemonline.com.br\/manu.html<\/a><\/span>.<br \/>\n.<br \/>\n<span style=\"color: #993366;\">:: (cronometragem)<\/span><br \/>\nInfos sobre apura\u00e7\u00e3o com <span style=\"color: #0000ff;\"><a style=\"color: #0000ff;\" href=\"mailto:renata@totemonline.com.br\">renata@totemonline.com.br<\/a><\/span> .<br \/>\n.<br \/>\n<span style=\"color: #993366;\">:: (App Competidor)<\/span><br \/>\nApp gratuito <a href=\"http:\/\/www.totemonline.com.br\/appcmp.html\"><span style=\"color: #0000ff;\">www.totemonline.com.br\/appcmp.html<\/span><\/a><br \/>\n.<br \/>\n<span style=\"color: #993366;\">:: (App Organizador)<\/span><br \/>\nApp para levantamento de provas <span style=\"color: #0000ff;\"><a style=\"color: #0000ff;\" href=\"http:\/\/www.totemonline.com.br\/apporg.html\">www.totemonline.com.br\/apporg.html<\/a><br \/>\n.<\/span><\/h4>\n<\/div><\/section><\/p><\/div>\n<style type=\"text\/css\" data-created_by=\"avia_inline_auto\" id=\"style-css-av-2syk-f0baf4b854e539eb9d7c8f40f23fcf92\">\n.flex_column.av-2syk-f0baf4b854e539eb9d7c8f40f23fcf92{\nborder-radius:0px 0px 0px 0px;\npadding:0px 0px 0px 0px;\n}\n<\/style>\n<div  class='flex_column av-2syk-f0baf4b854e539eb9d7c8f40f23fcf92 av_one_third  avia-builder-el-3  el_after_av_two_third  avia-builder-el-last  flex_column_div av-zero-column-padding  '     ><p>\n<style type=\"text\/css\" data-created_by=\"avia_inline_auto\" id=\"style-css-av-jgqwn0k1-6d75a2410bbc78863bea80e6cef16c77\">\n.iconbox.av-jgqwn0k1-6d75a2410bbc78863bea80e6cef16c77 .iconbox_icon{\nbackground-color:#57e06e;\n}\n<\/style>\n<article  class='iconbox iconbox_top av-jgqwn0k1-6d75a2410bbc78863bea80e6cef16c77  avia-builder-el-4  el_before_av_icon_box  avia-builder-el-first  main_color'  itemscope=\"itemscope\" itemtype=\"https:\/\/schema.org\/CreativeWork\" ><div class=\"iconbox_content\"><header class=\"entry-content-header\"><div class=\"iconbox_icon heading-color\" aria-hidden='true' data-av_icon='\ue8ac' data-av_iconfont='entypo-fontello'><\/div><h3 class='iconbox_content_title '  itemprop=\"headline\" >(11) 4638-2049 ( whats App )<\/h3><\/header><div class='iconbox_content_container '  itemprop=\"text\" ><\/div><\/div><footer class=\"entry-footer\"><\/footer><\/article><br \/>\n<article  class='iconbox iconbox_top av-jgqwn0k1-3ccea6e12bbff4379796fbd88ffed6d8  avia-builder-el-5  el_after_av_icon_box  avia-builder-el-last  main_color'  itemscope=\"itemscope\" itemtype=\"https:\/\/schema.org\/CreativeWork\" ><div class=\"iconbox_content\"><header class=\"entry-content-header\"><div class=\"iconbox_icon heading-color\" aria-hidden='true' data-av_icon='\ue8b7' data-av_iconfont='entypo-fontello'><\/div><h3 class='iconbox_content_title '  itemprop=\"headline\" >email vendas@totemonline.com.br<\/h3><\/header><div class='iconbox_content_container '  itemprop=\"text\" ><\/div><\/div><footer class=\"entry-footer\"><\/footer><\/article><\/p><\/div><\/p>\n","protected":false},"excerpt":{"rendered":"","protected":false},"author":1,"featured_media":0,"parent":0,"menu_order":0,"comment_status":"open","ping_status":"open","template":"","meta":{"footnotes":""},"_links":{"self":[{"href":"https:\/\/totemonline.com.br\/site\/wp-json\/wp\/v2\/pages\/44"}],"collection":[{"href":"https:\/\/totemonline.com.br\/site\/wp-json\/wp\/v2\/pages"}],"about":[{"href":"https:\/\/totemonline.com.br\/site\/wp-json\/wp\/v2\/types\/page"}],"author":[{"embeddable":true,"href":"https:\/\/totemonline.com.br\/site\/wp-json\/wp\/v2\/users\/1"}],"replies":[{"embeddable":true,"href":"https:\/\/totemonline.com.br\/site\/wp-json\/wp\/v2\/comments?post=44"}],"version-history":[{"count":5,"href":"https:\/\/totemonline.com.br\/site\/wp-json\/wp\/v2\/pages\/44\/revisions"}],"predecessor-version":[{"id":21044,"href":"https:\/\/totemonline.com.br\/site\/wp-json\/wp\/v2\/pages\/44\/revisions\/21044"}],"wp:attachment":[{"href":"https:\/\/totemonline.com.br\/site\/wp-json\/wp\/v2\/media?parent=44"}],"curies":[{"name":"wp","href":"https:\/\/api.w.org\/{rel}","templated":true}]}}