{"id":9012,"date":"2019-05-29T20:49:30","date_gmt":"2019-05-29T23:49:30","guid":{"rendered":"http:\/\/totemnow.com.br\/site\/site\/site\/?page_id=9012"},"modified":"2019-05-29T20:49:30","modified_gmt":"2019-05-29T23:49:30","slug":"faq-manuais","status":"publish","type":"page","link":"https:\/\/totemonline.com.br\/site\/faq-manuais\/","title":{"rendered":"FAQ Manuais"},"content":{"rendered":"\n<style type=\"text\/css\" data-created_by=\"avia_inline_auto\" id=\"style-css-av-jw9vpzp7-0ecbc26eda07ae7d36bd7ae094fb4910\">\n.avia-section.av-jw9vpzp7-0ecbc26eda07ae7d36bd7ae094fb4910{\nbackground-color:#edae44;\nbackground-image:unset;\n}\n<\/style>\n<div id='av_section_1'  class='avia-section av-jw9vpzp7-0ecbc26eda07ae7d36bd7ae094fb4910 main_color avia-section-small avia-no-border-styling  avia-builder-el-0  el_before_av_section  avia-builder-el-first  avia-bg-style-scroll container_wrap sidebar_right'  ><div class='container av-section-cont-open' ><main  role=\"main\" itemprop=\"mainContentOfPage\"  class='template-page content  av-content-small alpha units'><div class='post-entry post-entry-type-page post-entry-9012'><div class='entry-content-wrapper clearfix'>\n\n<style type=\"text\/css\" data-created_by=\"avia_inline_auto\" id=\"style-css-av-jw9vppn9-482e94864b2217f15e9f9a62178298dd\">\n#top .av_textblock_section.av-jw9vppn9-482e94864b2217f15e9f9a62178298dd .avia_textblock{\nfont-size:15px;\n}\n<\/style>\n<section  class='av_textblock_section av-jw9vppn9-482e94864b2217f15e9f9a62178298dd '   itemscope=\"itemscope\" itemtype=\"https:\/\/schema.org\/CreativeWork\" ><div class='avia_textblock'  itemprop=\"text\" ><h2>FAQ<\/h2>\n<\/div><\/section>\n<\/div><\/div><\/main><!-- close content main element --><\/div><\/div><div id='av_section_2'  class='avia-section av-1y7mlw-b57657a64573ddb820810db8227cccb6 main_color avia-section-default avia-no-border-styling  avia-builder-el-2  el_after_av_section  el_before_av_section  avia-bg-style-scroll container_wrap sidebar_right'  ><div class='container av-section-cont-open' ><div class='template-page content  av-content-small alpha units'><div class='post-entry post-entry-type-page post-entry-9012'><div class='entry-content-wrapper clearfix'>\n<section  class='av_textblock_section av-jw9vsxhk-e6998cf37745c0d76c003ecd546c1976 '   itemscope=\"itemscope\" itemtype=\"https:\/\/schema.org\/CreativeWork\" ><div class='avia_textblock'  itemprop=\"text\" ><h4><a href=\"http:\/\/www.totemonline.com.br\/download\/faq\/Faq001_R2_MudancaTrcNeutro.pdf\" class=\"mtli_attachment mtli_pdf\" target=\"_blank\" rel=\"noopener noreferrer\">FAQ 001 &#8211; Como Funciona a Mudan\u00e7a de Trecho em Neutros<\/a><br \/>\n<a href=\"http:\/\/www.totemonline.com.br\/download\/faq\/Faq002_R3_LAPxCKM.pdf\" class=\"mtli_attachment mtli_pdf\" target=\"_blank\" rel=\"noopener noreferrer\">FAQ 002 &#8211; LAP ou CKm? Fun\u00e7\u00e3o Mais Adequada Para Corrigir Hod\u00f4metro<\/a><br \/>\n<a href=\"http:\/\/www.totemonline.com.br\/download\/faq\/Faq003_R3_CteAfericao_W.pdf\" class=\"mtli_attachment mtli_pdf\" target=\"_blank\" rel=\"noopener noreferrer\">FAQ 003 &#8211; Princ\u00edpio de Aferi\u00e7\u00e3o de Od\u00f4metro e Constante de Aferi\u00e7\u00e3o<\/a><br \/>\n<a href=\"http:\/\/www.totemonline.com.br\/download\/faq\/Faq004_R1_ProblemasSensorxAfericao.pdf\" class=\"mtli_attachment mtli_pdf\" target=\"_blank\" rel=\"noopener noreferrer\">FAQ 004 &#8211; Problemas Sensor X Aferi\u00e7\u00e3o<\/a><br \/>\n<a href=\"http:\/\/www.totemonline.com.br\/download\/faq\/Faq005_R2_ComoFixarSeuTotem.pdf\" class=\"mtli_attachment mtli_pdf\" target=\"_blank\" rel=\"noopener noreferrer\">FAQ 005 &#8211; Como Fixar seu Totem<\/a><br \/>\n<a href=\"http:\/\/www.totemonline.com.br\/download\/faq\/Faq006_R4_OQueECadaFio.pdf\" class=\"mtli_attachment mtli_pdf\" target=\"_blank\" rel=\"noopener noreferrer\">FAQ 006 &#8211; O Que \u00e9 Cada Fio do Totem<\/a><br \/>\n<a href=\"http:\/\/www.totemonline.com.br\/download\/faq\/Faq007_R4_MudaTrechoOdom.pdf\" class=\"mtli_attachment mtli_pdf\" target=\"_blank\" rel=\"noopener noreferrer\">FAQ 007 &#8211; Mudan\u00e7a de Trecho Durante Corre\u00e7\u00e3o do Hod\u00f4metro<\/a><br \/>\n<a href=\"http:\/\/www.totemonline.com.br\/download\/faq\/Faq008_R1_SensoresTotem.pdf\" class=\"mtli_attachment mtli_pdf\" target=\"_blank\" rel=\"noopener noreferrer\">FAQ 008 &#8211; Sensores Totem<\/a><br \/>\n<a href=\"http:\/\/www.totemonline.com.br\/download\/faq\/Faq009_R1_EquipamentosTotem.pdf\" class=\"mtli_attachment mtli_pdf\" target=\"_blank\" rel=\"noopener noreferrer\">FAQ 009 &#8211; Hist\u00f3ria dos Equipamentos<\/a><br \/>\n<a href=\"http:\/\/www.totemonline.com.br\/download\/faq\/Faq010_R1_FioDeSinalEletronico.pdf\" class=\"mtli_attachment mtli_pdf\" target=\"_blank\" rel=\"noopener noreferrer\">FAQ 010 &#8211; Como Encontrar o Fio do Sensor Eletr\u00f4nico<\/a><br \/>\n<a href=\"http:\/\/www.totemonline.com.br\/download\/faq\/Faq011_R1_Navegacao.pdf\" class=\"mtli_attachment mtli_pdf\" target=\"_blank\" rel=\"noopener noreferrer\">FAQ 011 &#8211; Navega\u00e7\u00e3o B\u00e1sica em Provas de Regularidade<\/a><br \/>\n<a href=\"http:\/\/www.totemonline.com.br\/download\/faq\/Faq015_R2_NavegacaoEmDeslocamento.pdf\" class=\"mtli_attachment mtli_pdf\" target=\"_blank\" rel=\"noopener noreferrer\">FAQ 015 &#8211; Sistema de Navega\u00e7\u00e3o em Deslocamentos<\/a><br \/>\n<a href=\"http:\/\/www.totemonline.com.br\/download\/faq\/Faq019_R1_WFino_PorcentagemDeW.pdf\" class=\"mtli_attachment mtli_pdf\" target=\"_blank\" rel=\"noopener noreferrer\">FAQ 019 &#8211; Fun\u00e7\u00e3o &#8220;W fino&#8221; ou &#8220;%W&#8221;<\/a><br \/>\n<a href=\"http:\/\/www.totemonline.com.br\/download\/faq\/Faq022_R1_FuncionamentoDoisSensores.pdf\" class=\"mtli_attachment mtli_pdf\" target=\"_blank\" rel=\"noopener noreferrer\">FAQ 022 &#8211; Dois Sensores Colosso EVO Moto<\/a><br \/>\n<a href=\"http:\/\/www.totemonline.com.br\/download\/faq\/Faq023_R1_Bateriarecarregavel_Liion_R3.pdf\" class=\"mtli_attachment mtli_pdf\" target=\"_blank\" rel=\"noopener noreferrer\">FAQ 023 &#8211; Baterial Carreg\u00e1vel Li-Ion<\/a><br \/>\n<a href=\"http:\/\/www.totemonline.com.br\/download\/faq\/Faq024_R1_ColossoEvoXBateriaXKitPiloto_R1.pdf\" class=\"mtli_attachment mtli_pdf\" target=\"_blank\" rel=\"noopener noreferrer\">FAQ 024 &#8211; Colosso EVO (Carro) X Kit Piloto (Descarga de Bateria)<\/a><br \/>\n<a href=\"http:\/\/www.totemonline.com.br\/download\/manuais\/Faq_041_manSensorCardaAdaptacao_web.pdf\" class=\"mtli_attachment mtli_pdf\" target=\"_blank\" rel=\"noopener noreferrer\">FAQ 041 &#8211; Sensor de Card\u00e3 para adapta\u00e7\u00e3o<\/a><\/h4>\n<\/div><\/section>\n<\/p>\n<\/div><\/div><\/div><!-- close content main div --><\/div><\/div><div id='av_section_3'  class='avia-section av-1y7mlw-b57657a64573ddb820810db8227cccb6 main_color avia-section-default avia-no-border-styling  avia-builder-el-4  el_after_av_section  el_before_av_section  avia-bg-style-scroll container_wrap sidebar_right'  ><div class='container av-section-cont-open' ><div class='template-page content  av-content-small alpha units'><div class='post-entry post-entry-type-page post-entry-9012'><div class='entry-content-wrapper clearfix'>\n<\/div><\/div><\/div><!-- close content main div --><\/div><\/div>\n<style type=\"text\/css\" data-created_by=\"avia_inline_auto\" id=\"style-css-av-jw9vpzp7-0ecbc26eda07ae7d36bd7ae094fb4910\">\n.avia-section.av-jw9vpzp7-0ecbc26eda07ae7d36bd7ae094fb4910{\nbackground-color:#edae44;\nbackground-image:unset;\n}\n<\/style>\n<div id='av_section_4'  class='avia-section av-jw9vpzp7-0ecbc26eda07ae7d36bd7ae094fb4910 main_color avia-section-small avia-no-border-styling  avia-builder-el-5  el_after_av_section  el_before_av_textblock  avia-bg-style-scroll container_wrap sidebar_right'  ><div class='container av-section-cont-open' ><div class='template-page content  av-content-small alpha units'><div class='post-entry post-entry-type-page post-entry-9012'><div class='entry-content-wrapper clearfix'>\n\n<style type=\"text\/css\" data-created_by=\"avia_inline_auto\" id=\"style-css-av-jw9vppn9-482e94864b2217f15e9f9a62178298dd\">\n#top .av_textblock_section.av-jw9vppn9-482e94864b2217f15e9f9a62178298dd .avia_textblock{\nfont-size:15px;\n}\n<\/style>\n<section  class='av_textblock_section av-jw9vppn9-482e94864b2217f15e9f9a62178298dd '   itemscope=\"itemscope\" itemtype=\"https:\/\/schema.org\/CreativeWork\" ><div class='avia_textblock'  itemprop=\"text\" ><h2>Logotipo<\/h2>\n<\/div><\/section>\n<\/div><\/div><\/div><!-- close content main div --><\/div><\/div><div id='after_section_4'  class='main_color av_default_container_wrap container_wrap sidebar_right'  ><div class='container av-section-cont-open' ><div class='template-page content  av-content-small alpha units'><div class='post-entry post-entry-type-page post-entry-9012'><div class='entry-content-wrapper clearfix'><section  class='av_textblock_section av-jw9vsxhk-e6998cf37745c0d76c003ecd546c1976 '   itemscope=\"itemscope\" itemtype=\"https:\/\/schema.org\/CreativeWork\" ><div class='avia_textblock'  itemprop=\"text\" ><h4><a href=\"http:\/\/www.totemonline.com.br\/download\/Logo_Totem_Jpg\/LogoTotem_JPG.zip\" target=\"_blank\" rel=\"noopener noreferrer\">Totem (JPG)<\/a><br \/>\n<a href=\"http:\/\/www.totemonline.com.br\/download\/Logo_Totem_Jpg\/LogoTotem_Apuracao_JPG.zip\" target=\"_blank\" rel=\"noopener noreferrer\">Totem Apura\u00e7\u00e3o (JPG)<\/a><br \/>\n<a href=\"http:\/\/www.totemonline.com.br\/download\/Logo_Totem_Jpg\/LogoTotem.zip\" target=\"_blank\" rel=\"noopener noreferrer\">Totem ( Corel CDR )<\/a><\/h4>\n<\/div><\/section><\/p>\n","protected":false},"excerpt":{"rendered":"","protected":false},"author":11,"featured_media":0,"parent":0,"menu_order":0,"comment_status":"closed","ping_status":"closed","template":"","meta":{"footnotes":""},"_links":{"self":[{"href":"https:\/\/totemonline.com.br\/site\/wp-json\/wp\/v2\/pages\/9012"}],"collection":[{"href":"https:\/\/totemonline.com.br\/site\/wp-json\/wp\/v2\/pages"}],"about":[{"href":"https:\/\/totemonline.com.br\/site\/wp-json\/wp\/v2\/types\/page"}],"author":[{"embeddable":true,"href":"https:\/\/totemonline.com.br\/site\/wp-json\/wp\/v2\/users\/11"}],"replies":[{"embeddable":true,"href":"https:\/\/totemonline.com.br\/site\/wp-json\/wp\/v2\/comments?post=9012"}],"version-history":[{"count":1,"href":"https:\/\/totemonline.com.br\/site\/wp-json\/wp\/v2\/pages\/9012\/revisions"}],"predecessor-version":[{"id":22688,"href":"https:\/\/totemonline.com.br\/site\/wp-json\/wp\/v2\/pages\/9012\/revisions\/22688"}],"wp:attachment":[{"href":"https:\/\/totemonline.com.br\/site\/wp-json\/wp\/v2\/media?parent=9012"}],"curies":[{"name":"wp","href":"https:\/\/api.w.org\/{rel}","templated":true}]}}